{"id":12,"date":"2021-08-04T06:28:23","date_gmt":"2021-08-04T06:28:23","guid":{"rendered":"https:\/\/unisep.sk\/alarm\/?page_id=12"},"modified":"2021-08-04T06:29:13","modified_gmt":"2021-08-04T06:29:13","slug":"o-nas","status":"publish","type":"page","link":"https:\/\/unisep.sk\/alarm\/o-nas\/","title":{"rendered":"O n\u00e1s"},"content":{"rendered":"<p>Firma je na trhu v oblasti zabezpe\u010dovac\u00edch syst\u00e9mov u\u017e od roku 1990. Pon\u00fakame cel\u00fa \u0161k\u00e1lu ochrany os\u00f4b a majetku, kde v oblasti zabezpe\u010dovac\u00edch zariaden\u00ed, rob\u00edme in\u0161tal\u00e1cie a servis elektrickej zabezpe\u010dovacej signaliz\u00e1cie (EZS). V dne\u0161nej dobe sa sa to v\u0161etko skr\u00fdva pod pojmom ALARMY.<\/p>\n<p>\u010ealej in\u0161talujeme syst\u00e9my priemyselnej telev\u00edzie a uzavret\u00fdch telev\u00edznych okruhov (CCTV). Zariadenie CCTV nav\u00e4zuje na klasick\u00fa ochranu objektu (zariadenia EZS), skvalit\u0148uje ju a dop\u013a\u0148a. Samozrejme dne\u0161n\u00e1 doba tomuto oddeleniu priniesla n\u00e1zov KAMAEROV\u00c9 SYST\u00c9MY.<\/p>\n<p>Od roku 2003 sme \u00faspe\u0161ne roz\u0161\u00edrili svoje p\u00f4sobenie na syst\u00e9my pre sledovanie pr\u00edstupu (ACCESS) a doch\u00e1dzky os\u00f4b do r\u00f4znych priestorov na b\u00e1ze identifika\u010dn\u00fdch \u010dipov, bezkontaktn\u00fdch kariet a pr\u00edstupov\u00fdch k\u00f3dov, s vyhodnocovan\u00edm na PC s mo\u017enos\u0165ou prepojenia na mzdov\u00fd syst\u00e9m, jednoducho povedan\u00e9 DOCH\u00c1DZKOV\u00c9 SYST\u00c9MY.<\/p>\n<p>V roku 2006 za\u010dal plati\u0165 nov\u00fd z\u00e1kon o s\u00fakromnej bezpe\u010dnosti \u010d.473\/2005 Z.z., ktor\u00fd podmie\u0148uje v\u00fdkon tejto slu\u017eby z\u00edskan\u00edm licencie \u201ctechnickej slu\u017eby\u201d. Na\u0161a firma samozrejme t\u00fato licenciu vlastn\u00ed. \u010co je spolu s vy\u0161e 29. ro\u010dnou praxou dobr\u00fd predpoklad pre z\u00edskanie si Va\u0161ej d\u00f4very.<\/p>\n<p>Od in\u0161tal\u00e1cie ALARMOV je len kr\u00f4\u010dik ku klasick\u00fdm ELEKTROIN\u0160TAL\u00c1CI\u00c1M. T\u00fato medzeru v na\u0161ej ponuke vyp\u013a\u0148ame od roku 2016 a pon\u00fakame elektrik\u00e1rske (elektroin\u0161tala\u010dn\u00e9) pr\u00e1ce vr\u00e1tane vytvorenia projektovej dokument\u00e1cie, \u010di u\u017e ku stavebn\u00e9mu povoleniu, realiz\u00e1cii, alebo kolaud\u00e1cii s maxim\u00e1lnym d\u00f4razom na bezpe\u010dnos\u0165 a dlhodob\u00fa funk\u010dnos\u0165.<\/p>\n<blockquote class=\"wp-block-quote has-text-align-center\"><p><em>Pou\u017e\u00edvanie modern\u00fdch technick\u00fdch prostriedkov s neust\u00e1lim sa odborn\u00fdm vzdel\u00e1van\u00edm je u n\u00e1s samozrejmos\u0165ou.<\/em><\/p><\/blockquote>\n","protected":false},"excerpt":{"rendered":"<p>Firma je na trhu v oblasti zabezpe\u010dovac\u00edch syst\u00e9mov u\u017e od roku 1990. Pon\u00fakame cel\u00fa \u0161k\u00e1lu ochrany os\u00f4b a majetku, kde v oblasti zabezpe\u010dovac\u00edch zariaden\u00ed, rob\u00edme in\u0161tal\u00e1cie a servis elektrickej zabezpe\u010dovacej signaliz\u00e1cie (EZS). V dne\u0161nej dobe sa sa to v\u0161etko skr\u00fdva pod pojmom ALARMY. \u010ealej in\u0161talujeme syst\u00e9my priemyselnej telev\u00edzie a uzavret\u00fdch telev\u00edznych okruhov (CCTV). Zariadenie CCTV &hellip;<br \/><a href=\"https:\/\/unisep.sk\/alarm\/o-nas\/\" class=\"more-link pen_button pen_element_default pen_icon_arrow_double\">\u010c\u00edta\u0165 \u010falej <span class=\"screen-reader-text\">O n\u00e1s<\/span><\/a><\/p>\n","protected":false},"author":1,"featured_media":8,"parent":0,"menu_order":0,"comment_status":"closed","ping_status":"closed","template":"","meta":{"footnotes":""},"class_list":["post-12","page","type-page","status-publish","has-post-thumbnail","hentry"],"jetpack-related-posts":[{"id":3,"url":"https:\/\/unisep.sk\/alarm\/privacy-policy-2\/","url_meta":{"origin":12,"position":0},"title":"Z\u00e1sady ochrany osobn\u00fdch \u00fadajov","author":"MiroR","date":"4 augusta, 2021","format":false,"excerpt":"Kto sme Navrhovan\u00fd text:\u00a0Adresa na\u0161ej webovej str\u00e1nky je: https:\/\/unisep.sk\/alarm. Koment\u00e1re Navrhovan\u00fd text:\u00a0Ke\u010f n\u00e1v\u0161tevn\u00edci zanechaj\u00fa na str\u00e1nke koment\u00e1re, zhroma\u017e\u010fujeme \u00fadaje uveden\u00e9 vo formul\u00e1ri koment\u00e1rov a tie\u017e IP adresu n\u00e1v\u0161tevn\u00edka a re\u0165azec agenta pou\u017e\u00edvate\u013ea v prehliada\u010di, aby sme pomohli rozpozna\u0165 spam. Anonymizovan\u00fd re\u0165azec vytvoren\u00fd z va\u0161ej e -mailovej adresy (naz\u00fdvanej tie\u017e hash)\u2026","rel":"","context":"Podobn\u00fd pr\u00edspevok","block_context":{"text":"Podobn\u00fd pr\u00edspevok","link":""},"img":{"alt_text":"","src":"","width":0,"height":0},"classes":[]}],"jetpack_sharing_enabled":true,"_links":{"self":[{"href":"https:\/\/unisep.sk\/alarm\/wp-json\/wp\/v2\/pages\/12","targetHints":{"allow":["GET"]}}],"collection":[{"href":"https:\/\/unisep.sk\/alarm\/wp-json\/wp\/v2\/pages"}],"about":[{"href":"https:\/\/unisep.sk\/alarm\/wp-json\/wp\/v2\/types\/page"}],"author":[{"embeddable":true,"href":"https:\/\/unisep.sk\/alarm\/wp-json\/wp\/v2\/users\/1"}],"replies":[{"embeddable":true,"href":"https:\/\/unisep.sk\/alarm\/wp-json\/wp\/v2\/comments?post=12"}],"version-history":[{"count":1,"href":"https:\/\/unisep.sk\/alarm\/wp-json\/wp\/v2\/pages\/12\/revisions"}],"predecessor-version":[{"id":13,"href":"https:\/\/unisep.sk\/alarm\/wp-json\/wp\/v2\/pages\/12\/revisions\/13"}],"wp:featuredmedia":[{"embeddable":true,"href":"https:\/\/unisep.sk\/alarm\/wp-json\/wp\/v2\/media\/8"}],"wp:attachment":[{"href":"https:\/\/unisep.sk\/alarm\/wp-json\/wp\/v2\/media?parent=12"}],"curies":[{"name":"wp","href":"https:\/\/api.w.org\/{rel}","templated":true}]}}