{"id":3,"date":"2021-08-04T05:29:07","date_gmt":"2021-08-04T05:29:07","guid":{"rendered":"https:\/\/unisep.sk\/alarm\/?page_id=3"},"modified":"2025-05-16T04:23:54","modified_gmt":"2025-05-16T04:23:54","slug":"privacy-policy-2","status":"publish","type":"page","link":"https:\/\/unisep.sk\/alarm\/privacy-policy-2\/","title":{"rendered":"Z\u00e1sady ochrany osobn\u00fdch \u00fadajov"},"content":{"rendered":"\r\n<h2 class=\"wp-block-heading\">Kto sme<\/h2>\r\n<p><strong class=\"privacy-policy-tutorial\">Navrhovan\u00fd text:<\/strong>\u00a0Adresa na\u0161ej webovej str\u00e1nky je: https:\/\/unisep.sk\/alarm.<\/p>\r\n<h2>Koment\u00e1re<\/h2>\r\n<p><strong class=\"privacy-policy-tutorial\">Navrhovan\u00fd text:<\/strong>\u00a0Ke\u010f n\u00e1v\u0161tevn\u00edci zanechaj\u00fa na str\u00e1nke koment\u00e1re, zhroma\u017e\u010fujeme \u00fadaje uveden\u00e9 vo formul\u00e1ri koment\u00e1rov a tie\u017e IP adresu n\u00e1v\u0161tevn\u00edka a re\u0165azec agenta pou\u017e\u00edvate\u013ea v prehliada\u010di, aby sme pomohli rozpozna\u0165 spam.<\/p>\r\n<p>Anonymizovan\u00fd re\u0165azec vytvoren\u00fd z va\u0161ej e -mailovej adresy (naz\u00fdvanej tie\u017e hash) m\u00f4\u017ee by\u0165 poskytnut\u00fd slu\u017ebe Gravatar, aby sa zistilo, \u010di ju pou\u017e\u00edvate.\u00a0Z\u00e1sady ochrany osobn\u00fdch \u00fadajov slu\u017eby Gravatar s\u00fa k dispoz\u00edcii tu: https:\/\/automattic.com\/privacy\/.\u00a0Po schv\u00e1len\u00ed v\u00e1\u0161ho koment\u00e1ra je v\u00e1\u0161 profilov\u00fd obr\u00e1zok vidite\u013en\u00fd pre verejnos\u0165 v kontexte v\u00e1\u0161ho koment\u00e1ra.<\/p>\r\n<h2>M\u00e9di\u00e1<\/h2>\r\n<p><strong class=\"privacy-policy-tutorial\">Navrhovan\u00fd text:<\/strong>\u00a0Ak odosielate obr\u00e1zky na webov\u00fa str\u00e1nku, nemali by ste sa vyh\u00fdba\u0165 odosielaniu obr\u00e1zkov s vlo\u017een\u00fdmi \u00fadajmi o polohe (EXIF GPS).\u00a0N\u00e1v\u0161tevn\u00edci webovej str\u00e1nky si m\u00f4\u017eu stiahnu\u0165 a extrahova\u0165 ak\u00e9ko\u013evek \u00fadaje o polohe z obr\u00e1zkov na webovej str\u00e1nke.<\/p>\r\n<h2>Cookies<\/h2>\r\n<p><strong class=\"privacy-policy-tutorial\">Navrhovan\u00fd text:<\/strong>\u00a0Ak na na\u0161om webe zanech\u00e1te koment\u00e1r, m\u00f4\u017eete sa rozhodn\u00fa\u0165 ulo\u017ei\u0165 svoje meno, e-mailov\u00fa adresu a webov\u00fa str\u00e1nku do s\u00faborov cookie.\u00a0Tieto inform\u00e1cie sl\u00fa\u017eia na va\u0161e pohodlie, aby ste pri \u010fal\u0161om koment\u00e1ri nemuseli znova zad\u00e1va\u0165 svoje \u00fadaje.\u00a0Tieto cookies vydr\u017eia jeden rok.<\/p>\r\n<p>Ak nav\u0161t\u00edvite na\u0161u prihlasovaciu str\u00e1nku, nastav\u00edme do\u010dasn\u00fd s\u00fabor cookie, aby sme zistili, \u010di v\u00e1\u0161 prehliada\u010d akceptuje s\u00fabory cookie.\u00a0Tento s\u00fabor cookie neobsahuje \u017eiadne osobn\u00e9 \u00fadaje a bude odstr\u00e1nen\u00fd, ke\u010f zatvor\u00edte prehliada\u010d.<\/p>\r\n<p>Ke\u010f sa prihl\u00e1site, nastav\u00edme tie\u017e nieko\u013eko s\u00faborov cookie na ukladanie va\u0161ich prihlasovac\u00edch \u00fadajov a mo\u017enost\u00ed zobrazenia obrazovky.\u00a0Prihlasovacie s\u00fabory cookie trvaj\u00fa dva dni a s\u00fabory cookie z mo\u017enost\u00ed obrazovky trvaj\u00fa rok.\u00a0Ak vyberiete mo\u017enos\u0165 \u201eZapam\u00e4ta\u0165 si ma\u201c, va\u0161e prihl\u00e1senie bude trva\u0165 dva t\u00fd\u017edne.\u00a0Ak sa odhl\u00e1site zo svojho \u00fa\u010dtu, prihlasovacie s\u00fabory cookie bud\u00fa odstr\u00e1nen\u00e9.<\/p>\r\n<p>Ak uprav\u00edte alebo uverejn\u00edte \u010dl\u00e1nok, vo va\u0161om prehliada\u010di sa ulo\u017e\u00ed \u010fal\u0161\u00ed s\u00fabor cookie.\u00a0Tento s\u00fabor cookie neobsahuje \u017eiadne osobn\u00e9 \u00fadaje a iba ozna\u010duje ID pr\u00edspevku \u010dl\u00e1nku, ktor\u00fd ste pr\u00e1ve upravovali.\u00a0Vypr\u0161\u00ed po 1 dni.<\/p>\r\n<h2>Vlo\u017een\u00fd obsah z in\u00fdch webov\u00fdch str\u00e1nok<\/h2>\r\n<p><strong class=\"privacy-policy-tutorial\">Navrhovan\u00fd text:<\/strong>\u00a0\u010cl\u00e1nky na tomto webe m\u00f4\u017eu zah\u0155\u0148a\u0165 vlo\u017een\u00fd obsah (napr. Vide\u00e1, obr\u00e1zky, \u010dl\u00e1nky at\u010f.).\u00a0Vlo\u017een\u00fd obsah z in\u00fdch webov\u00fdch str\u00e1nok sa spr\u00e1va \u00faplne rovnako, ako keby n\u00e1v\u0161tevn\u00edk nav\u0161t\u00edvil in\u00fa webov\u00fa str\u00e1nku.<\/p>\r\n<p>Tieto webov\u00e9 str\u00e1nky m\u00f4\u017eu zhroma\u017e\u010fova\u0165 \u00fadaje o v\u00e1s, pou\u017e\u00edva\u0165 s\u00fabory cookie, vlo\u017ei\u0165 \u010fal\u0161ie sledovanie tre\u0165ou stranou a monitorova\u0165 va\u0161u interakciu s t\u00fdmto vlo\u017een\u00fdm obsahom vr\u00e1tane sledovania va\u0161ej interakcie s vlo\u017een\u00fdm obsahom, ak m\u00e1te \u00fa\u010det a ste na \u0148om prihl\u00e1sen\u00ed.<\/p>\r\n<h2>S k\u00fdm zdie\u013eame va\u0161e \u00fadaje<\/h2>\r\n<p><strong class=\"privacy-policy-tutorial\">Navrhovan\u00fd text:<\/strong>\u00a0Ak po\u017eiadate o obnovenie hesla, va\u0161a IP adresa bude zahrnut\u00e1 v e -maile na resetovanie.<\/p>\r\n<h2>Ako dlho uchov\u00e1vame va\u0161e \u00fadaje<\/h2>\r\n<p><strong class=\"privacy-policy-tutorial\">Navrhovan\u00fd text:<\/strong>\u00a0Ak zanech\u00e1te koment\u00e1r, koment\u00e1r a jeho meta\u00fadaje sa zachovaj\u00fa na neur\u010dito.\u00a0Je to tak, aby sme mohli automaticky rozpozna\u0165 a schv\u00e1li\u0165 v\u0161etky n\u00e1sledn\u00e9 koment\u00e1re, a nie ich dr\u017ea\u0165 vo fronte na moderovanie.<\/p>\r\n<p>Pre pou\u017e\u00edvate\u013eov, ktor\u00ed sa zaregistruj\u00fa na na\u0161ich webov\u00fdch str\u00e1nkach (ak existuj\u00fa), uchov\u00e1vame tie\u017e osobn\u00e9 \u00fadaje, ktor\u00e9 uviedli, vo svojom u\u017e\u00edvate\u013eskom profile.\u00a0V\u0161etci pou\u017e\u00edvatelia m\u00f4\u017eu kedyko\u013evek vidie\u0165, upravova\u0165 alebo odstra\u0148ova\u0165 svoje osobn\u00e9 \u00fadaje (okrem toho, \u017ee nem\u00f4\u017eu zmeni\u0165 svoje pou\u017e\u00edvate\u013esk\u00e9 meno).\u00a0Spr\u00e1vcovia webov\u00fdch str\u00e1nok m\u00f4\u017eu tieto inform\u00e1cie tie\u017e vidie\u0165 a upravova\u0165.<\/p>\r\n<h2>Ak\u00e9 pr\u00e1va m\u00e1te vo\u010di svojim \u00fadajom<\/h2>\r\n<p><strong class=\"privacy-policy-tutorial\">Navrhovan\u00fd text:<\/strong>\u00a0Ak m\u00e1te na tejto str\u00e1nke \u00fa\u010det alebo ste zanechali koment\u00e1re, m\u00f4\u017eete po\u017eiada\u0165 o prijatie exportovan\u00e9ho s\u00faboru osobn\u00fdch \u00fadajov, ktor\u00e9 o v\u00e1s m\u00e1me, vr\u00e1tane ak\u00fdchko\u013evek \u00fadajov, ktor\u00e9 ste n\u00e1m poskytli.\u00a0M\u00f4\u017eete tie\u017e po\u017eiada\u0165, aby sme vymazali v\u0161etky osobn\u00e9 \u00fadaje, ktor\u00e9 o v\u00e1s uchov\u00e1vame.\u00a0To nezah\u0155\u0148a \u017eiadne \u00fadaje, ktor\u00e9 sme povinn\u00ed uchov\u00e1va\u0165 na administrat\u00edvne, pr\u00e1vne alebo bezpe\u010dnostn\u00e9 \u00fa\u010dely.<\/p>\r\n<h2>Kam posielame va\u0161e \u00fadaje<\/h2>\r\n<p><strong class=\"privacy-policy-tutorial\">Navrhovan\u00fd text:<\/strong>\u00a0Koment\u00e1re n\u00e1v\u0161tevn\u00edkov je mo\u017en\u00e9 kontrolova\u0165 prostredn\u00edctvom automatickej slu\u017eby zis\u0165ovania spamu.<\/p>\r\n<hr \/>\r\n<h2>Who we are<\/h2>\r\n\r\n\r\n\r\n<p><strong class=\"privacy-policy-tutorial\">Suggested text: <\/strong>Our website address is: https:\/\/unisep.sk\/alarm.<\/p>\r\n\r\n\r\n\r\n<h2 class=\"wp-block-heading\">Comments<\/h2>\r\n\r\n\r\n\r\n<p><strong class=\"privacy-policy-tutorial\">Suggested text: <\/strong>When visitors leave comments on the site we collect the data shown in the comments form, and also the visitor\u2019s IP address and browser user agent string to help spam detection.<\/p>\r\n\r\n\r\n\r\n<p>An anonymized string created from your email address (also called a hash) may be provided to the Gravatar service to see if you are using it. The Gravatar service privacy policy is available here: https:\/\/automattic.com\/privacy\/. After approval of your comment, your profile picture is visible to the public in the context of your comment.<\/p>\r\n\r\n\r\n\r\n<h2 class=\"wp-block-heading\">Media<\/h2>\r\n\r\n\r\n\r\n<p><strong class=\"privacy-policy-tutorial\">Suggested text: <\/strong>If you upload images to the website, you should avoid uploading images with embedded location data (EXIF GPS) included. Visitors to the website can download and extract any location data from images on the website.<\/p>\r\n\r\n\r\n\r\n<h2 class=\"wp-block-heading\">Cookies<\/h2>\r\n\r\n\r\n\r\n<p><strong class=\"privacy-policy-tutorial\">Suggested text: <\/strong>If you leave a comment on our site you may opt-in to saving your name, email address and website in cookies. These are for your convenience so that you do not have to fill in your details again when you leave another comment. These cookies will last for one year.<\/p>\r\n\r\n\r\n\r\n<p>If you visit our login page, we will set a temporary cookie to determine if your browser accepts cookies. This cookie contains no personal data and is discarded when you close your browser.<\/p>\r\n\r\n\r\n\r\n<p>When you log in, we will also set up several cookies to save your login information and your screen display choices. Login cookies last for two days, and screen options cookies last for a year. If you select &#8222;Remember Me&#8220;, your login will persist for two weeks. If you log out of your account, the login cookies will be removed.<\/p>\r\n\r\n\r\n\r\n<p>If you edit or publish an article, an additional cookie will be saved in your browser. This cookie includes no personal data and simply indicates the post ID of the article you just edited. It expires after 1 day.<\/p>\r\n\r\n\r\n\r\n<h2 class=\"wp-block-heading\">Embedded content from other websites<\/h2>\r\n\r\n\r\n\r\n<p><strong class=\"privacy-policy-tutorial\">Suggested text: <\/strong>Articles on this site may include embedded content (e.g. videos, images, articles, etc.). Embedded content from other websites behaves in the exact same way as if the visitor has visited the other website.<\/p>\r\n\r\n\r\n\r\n<p>These websites may collect data about you, use cookies, embed additional third-party tracking, and monitor your interaction with that embedded content, including tracking your interaction with the embedded content if you have an account and are logged in to that website.<\/p>\r\n\r\n\r\n\r\n<h2 class=\"wp-block-heading\">Who we share your data with<\/h2>\r\n\r\n\r\n\r\n<p><strong class=\"privacy-policy-tutorial\">Suggested text: <\/strong>If you request a password reset, your IP address will be included in the reset email.<\/p>\r\n\r\n\r\n\r\n<h2 class=\"wp-block-heading\">How long we retain your data<\/h2>\r\n\r\n\r\n\r\n<p><strong class=\"privacy-policy-tutorial\">Suggested text: <\/strong>If you leave a comment, the comment and its metadata are retained indefinitely. This is so we can recognize and approve any follow-up comments automatically instead of holding them in a moderation queue.<\/p>\r\n\r\n\r\n\r\n<p>For users that register on our website (if any), we also store the personal information they provide in their user profile. All users can see, edit, or delete their personal information at any time (except they cannot change their username). Website administrators can also see and edit that information.<\/p>\r\n\r\n\r\n\r\n<h2 class=\"wp-block-heading\">What rights you have over your data<\/h2>\r\n\r\n\r\n\r\n<p><strong class=\"privacy-policy-tutorial\">Suggested text: <\/strong>If you have an account on this site, or have left comments, you can request to receive an exported file of the personal data we hold about you, including any data you have provided to us. You can also request that we erase any personal data we hold about you. This does not include any data we are obliged to keep for administrative, legal, or security purposes.<\/p>\r\n\r\n\r\n\r\n<h2 class=\"wp-block-heading\">Where we send your data<\/h2>\r\n\r\n\r\n\r\n<p><strong class=\"privacy-policy-tutorial\">Suggested text: <\/strong>Visitor comments may be checked through an automated spam detection service.<\/p>\r\n","protected":false},"excerpt":{"rendered":"<p>Kto sme Navrhovan\u00fd text:\u00a0Adresa na\u0161ej webovej str\u00e1nky je: https:\/\/unisep.sk\/alarm. Koment\u00e1re Navrhovan\u00fd text:\u00a0Ke\u010f n\u00e1v\u0161tevn\u00edci zanechaj\u00fa na str\u00e1nke koment\u00e1re, zhroma\u017e\u010fujeme \u00fadaje uveden\u00e9 vo formul\u00e1ri koment\u00e1rov a tie\u017e IP adresu n\u00e1v\u0161tevn\u00edka a re\u0165azec agenta pou\u017e\u00edvate\u013ea v prehliada\u010di, aby sme pomohli rozpozna\u0165 spam. Anonymizovan\u00fd re\u0165azec vytvoren\u00fd z va\u0161ej e -mailovej adresy (naz\u00fdvanej tie\u017e hash) m\u00f4\u017ee by\u0165 poskytnut\u00fd slu\u017ebe Gravatar, &hellip;<br \/><a href=\"https:\/\/unisep.sk\/alarm\/privacy-policy-2\/\" class=\"more-link pen_button pen_element_default pen_icon_arrow_double\">\u010c\u00edta\u0165 \u010falej <span class=\"screen-reader-text\">Z\u00e1sady ochrany osobn\u00fdch \u00fadajov<\/span><\/a><\/p>\n","protected":false},"author":1,"featured_media":0,"parent":0,"menu_order":0,"comment_status":"closed","ping_status":"open","template":"","meta":{"footnotes":""},"class_list":["post-3","page","type-page","status-publish","hentry"],"jetpack-related-posts":[{"id":12,"url":"https:\/\/unisep.sk\/alarm\/o-nas\/","url_meta":{"origin":3,"position":0},"title":"O n\u00e1s","author":"MiroR","date":"4 augusta, 2021","format":false,"excerpt":"Firma je na trhu v oblasti zabezpe\u010dovac\u00edch syst\u00e9mov u\u017e od roku 1990. Pon\u00fakame cel\u00fa \u0161k\u00e1lu ochrany os\u00f4b a majetku, kde v oblasti zabezpe\u010dovac\u00edch zariaden\u00ed, rob\u00edme in\u0161tal\u00e1cie a servis elektrickej zabezpe\u010dovacej signaliz\u00e1cie (EZS). V dne\u0161nej dobe sa sa to v\u0161etko skr\u00fdva pod pojmom ALARMY. \u010ealej in\u0161talujeme syst\u00e9my priemyselnej telev\u00edzie a uzavret\u00fdch\u2026","rel":"","context":"Podobn\u00fd pr\u00edspevok","block_context":{"text":"Podobn\u00fd pr\u00edspevok","link":""},"img":{"alt_text":"","src":"https:\/\/i0.wp.com\/unisep.sk\/alarm\/wp-content\/uploads\/2021\/08\/Dyna_orez.jpg?resize=350%2C200&ssl=1","width":350,"height":200,"srcset":"https:\/\/i0.wp.com\/unisep.sk\/alarm\/wp-content\/uploads\/2021\/08\/Dyna_orez.jpg?resize=350%2C200&ssl=1 1x, https:\/\/i0.wp.com\/unisep.sk\/alarm\/wp-content\/uploads\/2021\/08\/Dyna_orez.jpg?resize=525%2C300&ssl=1 1.5x, https:\/\/i0.wp.com\/unisep.sk\/alarm\/wp-content\/uploads\/2021\/08\/Dyna_orez.jpg?resize=700%2C400&ssl=1 2x, https:\/\/i0.wp.com\/unisep.sk\/alarm\/wp-content\/uploads\/2021\/08\/Dyna_orez.jpg?resize=1050%2C600&ssl=1 3x, https:\/\/i0.wp.com\/unisep.sk\/alarm\/wp-content\/uploads\/2021\/08\/Dyna_orez.jpg?resize=1400%2C800&ssl=1 4x"},"classes":[]}],"jetpack_sharing_enabled":true,"_links":{"self":[{"href":"https:\/\/unisep.sk\/alarm\/wp-json\/wp\/v2\/pages\/3","targetHints":{"allow":["GET"]}}],"collection":[{"href":"https:\/\/unisep.sk\/alarm\/wp-json\/wp\/v2\/pages"}],"about":[{"href":"https:\/\/unisep.sk\/alarm\/wp-json\/wp\/v2\/types\/page"}],"author":[{"embeddable":true,"href":"https:\/\/unisep.sk\/alarm\/wp-json\/wp\/v2\/users\/1"}],"replies":[{"embeddable":true,"href":"https:\/\/unisep.sk\/alarm\/wp-json\/wp\/v2\/comments?post=3"}],"version-history":[{"count":2,"href":"https:\/\/unisep.sk\/alarm\/wp-json\/wp\/v2\/pages\/3\/revisions"}],"predecessor-version":[{"id":6,"href":"https:\/\/unisep.sk\/alarm\/wp-json\/wp\/v2\/pages\/3\/revisions\/6"}],"wp:attachment":[{"href":"https:\/\/unisep.sk\/alarm\/wp-json\/wp\/v2\/media?parent=3"}],"curies":[{"name":"wp","href":"https:\/\/api.w.org\/{rel}","templated":true}]}}