{"id":12,"date":"2021-08-04T06:28:23","date_gmt":"2021-08-04T06:28:23","guid":{"rendered":"https:\/\/unisep.sk\/elektro\/?page_id=12"},"modified":"2023-02-22T22:02:45","modified_gmt":"2023-02-22T22:02:45","slug":"o-nas","status":"publish","type":"page","link":"https:\/\/unisep.sk\/elektro\/o-nas\/","title":{"rendered":"O n\u00e1s"},"content":{"rendered":"<p>ELEKTROIN\u0160TAL\u00c1CIE<\/p>\n<p>Firma priklad\u00e1 ve\u013ek\u00fa d\u00f4le\u017eitos\u0165 na bezpe\u010dnos\u0165 prev\u00e1dzky a funk\u010dnos\u0165.<br \/>\nTemer bezpra\u0161n\u00e9 rezanie dr\u00e1\u017eok. Presn\u00e9 ulo\u017eenie k\u00e1blov s pr\u00edpravou pre omietk\u00e1rov.<\/p>\n<blockquote class=\"wp-block-quote has-text-align-center\"><p><em>Pou\u017e\u00edvanie modern\u00fdch technick\u00fdch prostriedkov s neust\u00e1lim sa odborn\u00fdm vzdel\u00e1van\u00edm je u n\u00e1s samozrejmos\u0165ou<\/em><\/p><\/blockquote>\n<hr \/>\n<h3>Na\u0161e \u010dinnosti:<\/h3>\n<p>\u2013 elektroin\u0161tal\u00e1cie novostavieb<br \/>\n\u2013 rekon\u0161trukcia a moderniz\u00e1cia zastaralej elektroin\u0161tal\u00e1cie<br \/>\n\u2013 mont\u00e1\u017e, \u00fadr\u017eba a servis vyhraden\u00fdch technick\u00fdch zariaden\u00ed<br \/>\n\u2013 mont\u00e1\u017e bleskozvodov<br \/>\n\u2013 realiz\u00e1cia elektrick\u00fdch pr\u00edpojok<br \/>\n\u2013 in\u0161tal\u00e1cia osvet\u013eovac\u00edch telies<br \/>\n\u2013 zap\u00e1janie LED p\u00e1sov a LED svietidiel na bezpe\u010dn\u00e9 nap\u00e4tie<br \/>\n\u2013 in\u0161tal\u00e1cie dom\u00e1cich eternetov\u00fdch a internetov\u00fdch siet\u00ed vr\u00e1tane LAN a WiFi<br \/>\n\u2013 n\u00e1vrh a in\u0161tal\u00e1cia signaliza\u010dn\u00fdch zariaden\u00ed pre sn\u00edmanie neelektrick\u00fdch veli\u010d\u00edn (detekcia \u00faniku zemn\u00e9ho plynu, prop\u00e1n but\u00e1nu, kysli\u010dn\u00edka uhli\u010dit\u00e9ho, zatopenia, neopr\u00e1vnen\u00e9ho vstupu)<\/p>\n<blockquote><p>Za\u010d\u00edname n\u00e1vrhom rie\u0161enia, pokra\u010dujeme zhotoven\u00edm a kon\u010d\u00edme vystaven\u00edm potrebnej dokument\u00e1cie vr\u00e1tane rev\u00edznej spr\u00e1vy (ak sa vy\u017eaduje).<\/p><\/blockquote>\n","protected":false},"excerpt":{"rendered":"<p>ELEKTROIN\u0160TAL\u00c1CIE Firma priklad\u00e1 ve\u013ek\u00fa d\u00f4le\u017eitos\u0165 na bezpe\u010dnos\u0165 prev\u00e1dzky a funk\u010dnos\u0165. Temer bezpra\u0161n\u00e9 rezanie dr\u00e1\u017eok. Presn\u00e9 ulo\u017eenie k\u00e1blov s pr\u00edpravou pre omietk\u00e1rov. Pou\u017e\u00edvanie modern\u00fdch technick\u00fdch prostriedkov s neust\u00e1lim sa odborn\u00fdm vzdel\u00e1van\u00edm je u n\u00e1s samozrejmos\u0165ou Na\u0161e \u010dinnosti: \u2013 elektroin\u0161tal\u00e1cie novostavieb \u2013 rekon\u0161trukcia a moderniz\u00e1cia zastaralej elektroin\u0161tal\u00e1cie \u2013 mont\u00e1\u017e, \u00fadr\u017eba a servis vyhraden\u00fdch technick\u00fdch zariaden\u00ed \u2013 mont\u00e1\u017e &hellip;<br \/><a href=\"https:\/\/unisep.sk\/elektro\/o-nas\/\" class=\"more-link pen_button pen_element_default pen_icon_arrow_double\">\u010c\u00edta\u0165 \u010falej <span class=\"screen-reader-text\">O n\u00e1s<\/span><\/a><\/p>\n","protected":false},"author":1,"featured_media":599,"parent":0,"menu_order":0,"comment_status":"closed","ping_status":"closed","template":"","meta":{"footnotes":""},"class_list":["post-12","page","type-page","status-publish","has-post-thumbnail","hentry"],"_links":{"self":[{"href":"https:\/\/unisep.sk\/elektro\/wp-json\/wp\/v2\/pages\/12","targetHints":{"allow":["GET"]}}],"collection":[{"href":"https:\/\/unisep.sk\/elektro\/wp-json\/wp\/v2\/pages"}],"about":[{"href":"https:\/\/unisep.sk\/elektro\/wp-json\/wp\/v2\/types\/page"}],"author":[{"embeddable":true,"href":"https:\/\/unisep.sk\/elektro\/wp-json\/wp\/v2\/users\/1"}],"replies":[{"embeddable":true,"href":"https:\/\/unisep.sk\/elektro\/wp-json\/wp\/v2\/comments?post=12"}],"version-history":[{"count":3,"href":"https:\/\/unisep.sk\/elektro\/wp-json\/wp\/v2\/pages\/12\/revisions"}],"predecessor-version":[{"id":659,"href":"https:\/\/unisep.sk\/elektro\/wp-json\/wp\/v2\/pages\/12\/revisions\/659"}],"wp:featuredmedia":[{"embeddable":true,"href":"https:\/\/unisep.sk\/elektro\/wp-json\/wp\/v2\/media\/599"}],"wp:attachment":[{"href":"https:\/\/unisep.sk\/elektro\/wp-json\/wp\/v2\/media?parent=12"}],"curies":[{"name":"wp","href":"https:\/\/api.w.org\/{rel}","templated":true}]}}